{"id":72,"date":"2025-08-01T21:07:22","date_gmt":"2025-08-01T21:07:22","guid":{"rendered":"https:\/\/gunayinsaat.com.tr\/?page_id=72"},"modified":"2025-08-04T10:31:04","modified_gmt":"2025-08-04T10:31:04","slug":"hakkimizda","status":"publish","type":"page","link":"https:\/\/gunayinsaat.com.tr\/ru\/hakkimizda\/","title":{"rendered":"\u041e \u043d\u0430\u0441"},"content":{"rendered":"<div data-elementor-type=\"wp-page\" data-elementor-id=\"72\" class=\"elementor elementor-72\" data-elementor-settings=\"{&quot;element_pack_global_tooltip_width&quot;:{&quot;unit&quot;:&quot;px&quot;,&quot;size&quot;:&quot;&quot;,&quot;sizes&quot;:[]},&quot;element_pack_global_tooltip_width_tablet&quot;:{&quot;unit&quot;:&quot;px&quot;,&quot;size&quot;:&quot;&quot;,&quot;sizes&quot;:[]},&quot;element_pack_global_tooltip_width_mobile&quot;:{&quot;unit&quot;:&quot;px&quot;,&quot;size&quot;:&quot;&quot;,&quot;sizes&quot;:[]},&quot;element_pack_global_tooltip_padding&quot;:{&quot;unit&quot;:&quot;px&quot;,&quot;top&quot;:&quot;&quot;,&quot;right&quot;:&quot;&quot;,&quot;bottom&quot;:&quot;&quot;,&quot;left&quot;:&quot;&quot;,&quot;isLinked&quot;:true},&quot;element_pack_global_tooltip_padding_tablet&quot;:{&quot;unit&quot;:&quot;px&quot;,&quot;top&quot;:&quot;&quot;,&quot;right&quot;:&quot;&quot;,&quot;bottom&quot;:&quot;&quot;,&quot;left&quot;:&quot;&quot;,&quot;isLinked&quot;:true},&quot;element_pack_global_tooltip_padding_mobile&quot;:{&quot;unit&quot;:&quot;px&quot;,&quot;top&quot;:&quot;&quot;,&quot;right&quot;:&quot;&quot;,&quot;bottom&quot;:&quot;&quot;,&quot;left&quot;:&quot;&quot;,&quot;isLinked&quot;:true},&quot;element_pack_global_tooltip_border_radius&quot;:{&quot;unit&quot;:&quot;px&quot;,&quot;top&quot;:&quot;&quot;,&quot;right&quot;:&quot;&quot;,&quot;bottom&quot;:&quot;&quot;,&quot;left&quot;:&quot;&quot;,&quot;isLinked&quot;:true},&quot;element_pack_global_tooltip_border_radius_tablet&quot;:{&quot;unit&quot;:&quot;px&quot;,&quot;top&quot;:&quot;&quot;,&quot;right&quot;:&quot;&quot;,&quot;bottom&quot;:&quot;&quot;,&quot;left&quot;:&quot;&quot;,&quot;isLinked&quot;:true},&quot;element_pack_global_tooltip_border_radius_mobile&quot;:{&quot;unit&quot;:&quot;px&quot;,&quot;top&quot;:&quot;&quot;,&quot;right&quot;:&quot;&quot;,&quot;bottom&quot;:&quot;&quot;,&quot;left&quot;:&quot;&quot;,&quot;isLinked&quot;:true}}\" data-elementor-post-type=\"page\">\n\t\t\t\t<div class=\"elementor-element elementor-element-da02ab3 e-flex e-con-boxed e-con e-parent\" data-id=\"da02ab3\" data-element_type=\"container\">\n\t\t\t\t\t<div class=\"e-con-inner\">\n\t\t\t\t<div class=\"elementor-element elementor-element-8ec9759 elementor-widget elementor-widget-spacer\" data-id=\"8ec9759\" data-element_type=\"widget\" data-widget_type=\"spacer.default\">\n\t\t\t\t\t\t\t<div class=\"elementor-spacer\">\n\t\t\t<div class=\"elementor-spacer-inner\"><\/div>\n\t\t<\/div>\n\t\t\t\t\t\t<\/div>\n\t\t\t\t\t<\/div>\n\t\t\t\t<\/div>\n\t\t\t\t<section class=\"elementor-section elementor-top-section elementor-element elementor-element-83f70f5 elementor-reverse-mobile elementor-section-boxed elementor-section-height-default elementor-section-height-default\" data-id=\"83f70f5\" data-element_type=\"section\">\n\t\t\t\t\t\t<div class=\"elementor-container elementor-column-gap-default\">\n\t\t\t\t\t<div class=\"elementor-column elementor-col-50 elementor-top-column elementor-element elementor-element-b81b783\" data-id=\"b81b783\" data-element_type=\"column\">\n\t\t\t<div class=\"elementor-widget-wrap elementor-element-populated\">\n\t\t\t\t\t\t<div class=\"elementor-element elementor-element-34e41a1 elementor-invisible elementor-widget elementor-widget-image\" data-id=\"34e41a1\" data-element_type=\"widget\" data-settings=\"{&quot;_animation&quot;:&quot;zoomOut&quot;,&quot;_animation_delay&quot;:&quot;200&quot;}\" data-widget_type=\"image.default\">\n\t\t\t\t\t\t\t\t\t\t\t\t\t\t\t<img fetchpriority=\"high\" decoding=\"async\" width=\"512\" height=\"512\" src=\"https:\/\/gunayinsaat.com.tr\/wp-content\/uploads\/2025\/08\/cropped-25-1-scaled-1.webp\" class=\"attachment-full size-full wp-image-93\" alt=\"\" srcset=\"https:\/\/gunayinsaat.com.tr\/wp-content\/uploads\/2025\/08\/cropped-25-1-scaled-1.webp 512w, https:\/\/gunayinsaat.com.tr\/wp-content\/uploads\/2025\/08\/cropped-25-1-scaled-1-300x300.webp 300w, https:\/\/gunayinsaat.com.tr\/wp-content\/uploads\/2025\/08\/cropped-25-1-scaled-1-150x150.webp 150w, https:\/\/gunayinsaat.com.tr\/wp-content\/uploads\/2025\/08\/cropped-25-1-scaled-1-12x12.webp 12w, https:\/\/gunayinsaat.com.tr\/wp-content\/uploads\/2025\/08\/cropped-25-1-scaled-1-270x270.webp 270w, https:\/\/gunayinsaat.com.tr\/wp-content\/uploads\/2025\/08\/cropped-25-1-scaled-1-192x192.webp 192w, https:\/\/gunayinsaat.com.tr\/wp-content\/uploads\/2025\/08\/cropped-25-1-scaled-1-180x180.webp 180w, https:\/\/gunayinsaat.com.tr\/wp-content\/uploads\/2025\/08\/cropped-25-1-scaled-1-32x32.webp 32w\" sizes=\"(max-width: 512px) 100vw, 512px\" \/>\t\t\t\t\t\t\t\t\t\t\t\t\t\t\t<\/div>\n\t\t\t\t\t<\/div>\n\t\t<\/div>\n\t\t\t\t<div class=\"elementor-column elementor-col-50 elementor-top-column elementor-element elementor-element-055cff1\" data-id=\"055cff1\" data-element_type=\"column\">\n\t\t\t<div class=\"elementor-widget-wrap elementor-element-populated\">\n\t\t\t\t\t\t<div class=\"elementor-element elementor-element-d100bdc elementor-widget__width-auto elementor-invisible elementor-widget elementor-widget-heading\" data-id=\"d100bdc\" data-element_type=\"widget\" data-settings=\"{&quot;_animation&quot;:&quot;fadeInUp&quot;,&quot;_animation_delay&quot;:&quot;100&quot;}\" data-widget_type=\"heading.default\">\n\t\t\t\t\t<h6 class=\"elementor-heading-title elementor-size-default\">\u041e \u043d\u0430\u0441<\/h6>\t\t\t\t<\/div>\n\t\t\t\t<div class=\"elementor-element elementor-element-cbe5563  ui-split-animate ui-splitby-chars elementor-widget elementor-widget-heading\" data-id=\"cbe5563\" data-element_type=\"widget\" data-settings=\"{&quot;ui_animate_split&quot;:&quot;ui-split-animate&quot;,&quot;ui_animate_split_by&quot;:&quot;chars&quot;,&quot;ui_animate_split_style&quot;:&quot;fadeInUp&quot;}\" data-widget_type=\"heading.default\">\n\t\t\t\t\t<h2 class=\"elementor-heading-title elementor-size-default\">\u041a\u0442\u043e \u043c\u044b \u0442\u0430\u043a\u0438\u0435?<\/h2>\t\t\t\t<\/div>\n\t\t\t\t<div class=\"elementor-element elementor-element-9417dd1 elementor-invisible elementor-widget elementor-widget-text-editor\" data-id=\"9417dd1\" data-element_type=\"widget\" data-settings=\"{&quot;_animation&quot;:&quot;fadeInUp&quot;,&quot;_animation_delay&quot;:&quot;500&quot;}\" data-widget_type=\"text-editor.default\">\n\t\t\t\t\t\t\t\t\t<p>\u0413\u044e\u043d\u0430\u0439 \u0413\u0440\u0443\u043f \u042f\u043f\u044b \u0418\u043d\u0448\u0430\u0430\u0442 \u0410.\u0428., \u044d\u0442\u043e \u0441\u0442\u0440\u043e\u0438\u0442\u0435\u043b\u044c\u043d\u0430\u044f \u043a\u043e\u043c\u043f\u0430\u043d\u0438\u044f, \u0432 \u043a\u043e\u0442\u043e\u0440\u043e\u0439 \u0441\u0438\u043b\u044c\u043d\u044b\u0435 \u0441\u0435\u043c\u0435\u0439\u043d\u044b\u0435 \u0442\u0440\u0430\u0434\u0438\u0446\u0438\u0438, \u043e\u0441\u043d\u043e\u0432\u0430\u043d\u043d\u044b\u0435 \u043d\u0430 1965-\u0445 \u0433\u043e\u0434\u0430\u0445, \u0441\u043e\u043e\u0442\u0432\u0435\u0442\u0441\u0442\u0432\u0443\u044e\u0442 \u043a\u043e\u0440\u043f\u043e\u0440\u0430\u0442\u0438\u0432\u043d\u043e\u043c\u0443 \u0432\u0438\u0434\u0435\u043d\u0438\u044e. \u041d\u0430\u0448\u0435 \u043a\u043e\u043c\u043c\u0435\u0440\u0447\u0435\u0441\u043a\u043e\u0435 \u043f\u0443\u0442\u0435\u0448\u0435\u0441\u0442\u0432\u0438\u0435 \u043d\u0430\u0447\u0430\u043b\u043e\u0441\u044c \u0432 \u0440\u0430\u0439\u043e\u043d\u0435 \u042d\u043b\u044c\u043c\u0430\u043b\u044b \u0432 \u0410\u043d\u0442\u0430\u043b\u0438\u0438; \u043d\u0430 \u043f\u0440\u043e\u0442\u044f\u0436\u0435\u043d\u0438\u0438 \u043c\u043d\u043e\u0433\u0438\u0445 \u043b\u0435\u0442 \u043d\u0430\u0448\u0430 \u0434\u0435\u044f\u0442\u0435\u043b\u044c\u043d\u043e\u0441\u0442\u044c \u0432 \u043e\u0431\u043b\u0430\u0441\u0442\u0438 \u0441\u0442\u0440\u043e\u0438\u0442\u0435\u043b\u044c\u0441\u0442\u0432\u0430 \u0438 \u043c\u0435\u0431\u0435\u043b\u0438 \u0431\u044b\u043b\u0430 \u0443\u0441\u0438\u043b\u0435\u043d\u0430, \u0438 \u0441\u0435\u0433\u043e\u0434\u043d\u044f \u043e\u043d\u0430 \u043f\u0440\u0435\u0432\u0440\u0430\u0442\u0438\u043b\u0430\u0441\u044c \u0432 \u0433\u0440\u0443\u043f\u043f\u0443 \u043a\u043e\u043c\u043f\u0430\u043d\u0438\u0439, \u0431\u0430\u0437\u0438\u0440\u0443\u044e\u0449\u0438\u0445\u0441\u044f \u0432 \u0410\u043d\u0442\u0430\u043b\u0438\u0438 \/ \u041c\u0443\u0440\u0430\u0442\u043f\u0430\u0448\u0430 \u0438 \u043f\u043e\u043b\u044c\u0437\u0443\u044e\u0449\u0438\u0445\u0441\u044f \u0434\u043e\u0432\u0435\u0440\u0438\u0435\u043c \u0438 \u043a\u0430\u0447\u0435\u0441\u0442\u0432\u043e\u043c \u0432 \u044d\u0442\u043e\u043c \u0441\u0435\u043a\u0442\u043e\u0440\u0435.<br \/>\u0421 \u043d\u0430\u0448\u0438\u043c \u0448\u0442\u0430\u0442\u043e\u043c \u0438\u043d\u0436\u0435\u043d\u0435\u0440\u043e\u0432 \u0438 \u0430\u0440\u0445\u0438\u0442\u0435\u043a\u0442\u043e\u0440\u043e\u0432, \u0441\u043f\u0435\u0446\u0438\u0430\u043b\u0438\u0437\u0438\u0440\u0443\u044e\u0449\u0438\u0445\u0441\u044f \u0432 \u044d\u0442\u043e\u0439 \u043e\u0431\u043b\u0430\u0441\u0442\u0438; \u043c\u044b \u043f\u0440\u0435\u0434\u043b\u0430\u0433\u0430\u0435\u043c \u0432\u044b\u0441\u043e\u043a\u0438\u0435 \u0441\u0442\u0430\u043d\u0434\u0430\u0440\u0442\u044b \u0432 \u043e\u0431\u043b\u0430\u0441\u0442\u0438 \u0441\u0442\u0440\u043e\u0438\u0442\u0435\u043b\u044c\u0441\u0442\u0432\u0430 \u0436\u0435\u043b\u0435\u0437\u043e\u0431\u0435\u0442\u043e\u043d\u043d\u044b\u0445 \u0438 \u0442\u044f\u0436\u0435\u043b\u044b\u0445 \u0441\u0442\u0430\u043b\u044c\u043d\u044b\u0445 \u043a\u043e\u043d\u0441\u0442\u0440\u0443\u043a\u0446\u0438\u0439, \u0430\u0440\u0445\u0438\u0442\u0435\u043a\u0442\u0443\u0440\u043d\u044b\u0445 \u0438 \u0441\u0442\u0430\u0442\u0438\u0447\u0435\u0441\u043a\u0438\u0445 \u043f\u0440\u043e\u0435\u043a\u0442\u043d\u044b\u0445 \u0440\u0435\u0448\u0435\u043d\u0438\u0439, \u0443\u0441\u043b\u0443\u0433 \u043f\u043e \u0443\u043a\u0440\u0435\u043f\u043b\u0435\u043d\u0438\u044e, \u0440\u0435\u0441\u0442\u0430\u0432\u0440\u0430\u0446\u0438\u0438 \u0438 \u0440\u0435\u043a\u043e\u043d\u0441\u0442\u0440\u0443\u043a\u0446\u0438\u0438 \u043a\u043e\u043d\u0441\u0442\u0440\u0443\u043a\u0446\u0438\u0439.<br \/>\u041e\u0431\u0440\u0430\u0449\u0430\u044f\u0441\u044c \u043a \u0448\u0438\u0440\u043e\u043a\u043e\u0439 \u0430\u0443\u0434\u0438\u0442\u043e\u0440\u0438\u0438, \u043e\u0442 \u0438\u043d\u0434\u0438\u0432\u0438\u0434\u0443\u0430\u043b\u044c\u043d\u044b\u0445 \u043f\u043e\u043a\u0443\u043f\u0430\u0442\u0435\u043b\u0435\u0439 \u0436\u0438\u043b\u044c\u044f \u0434\u043e \u043a\u0440\u0443\u043f\u043d\u044b\u0445 \u0438\u043d\u0432\u0435\u0441\u0442\u043e\u0440\u043e\u0432, \u043c\u044b \u043e\u0431\u044a\u0435\u0434\u0438\u043d\u044f\u0435\u043c \u044d\u0441\u0442\u0435\u0442\u0438\u043a\u0443, \u0444\u0443\u043d\u043a\u0446\u0438\u043e\u043d\u0430\u043b\u044c\u043d\u043e\u0441\u0442\u044c \u0438 \u0431\u0435\u0437\u043e\u043f\u0430\u0441\u043d\u043e\u0441\u0442\u044c \u0432 \u043d\u0430\u0448\u0438\u0445 \u043f\u0440\u043e\u0435\u043a\u0442\u0430\u0445.<br \/>\u041d\u0430 \u0441\u0435\u0433\u043e\u0434\u043d\u044f\u0448\u043d\u0438\u0439 \u0434\u0435\u043d\u044c 23 \u0437\u0430\u0432\u0435\u0440\u0448\u0435\u043d\u043d\u044b\u0445 \u043f\u0440\u043e\u0435\u043a\u0442\u0430 \u0438 2 \u0442\u0435\u043a\u0443\u0449\u0438\u0445 \u043f\u0440\u043e\u0435\u043a\u0442\u0430 \u0443\u043a\u0440\u0435\u043f\u043b\u044f\u044e\u0442 \u043d\u0430\u0448\u0438 \u043f\u043e\u0437\u0438\u0446\u0438\u0438 \u0432 \u043e\u0442\u0440\u0430\u0441\u043b\u0438, \u0438 \u043c\u044b \u0433\u043e\u0440\u0434\u0438\u043c\u0441\u044f \u0442\u0435\u043c, \u0447\u0442\u043e \u0432\u0441\u0435\u0433\u0434\u0430 \u044f\u0432\u043b\u044f\u0435\u043c\u0441\u044f \u0431\u0440\u0435\u043d\u0434\u043e\u043c \u0432\u044b\u0431\u043e\u0440\u0430 \u0431\u043b\u0430\u0433\u043e\u0434\u0430\u0440\u044f \u043d\u0430\u0448\u0435\u043c\u0443 \u0430\u0432\u0442\u043e\u0440\u0438\u0442\u0435\u0442\u0443, \u0434\u0438\u0441\u0446\u0438\u043f\u043b\u0438\u043d\u0438\u0440\u043e\u0432\u0430\u043d\u043d\u043e\u043c\u0443 \u043f\u043e\u0434\u0445\u043e\u0434\u0443 \u043a \u0431\u0438\u0437\u043d\u0435\u0441\u0443 \u0438 \u043d\u0430\u0448\u0435\u043c\u0443 \u0432\u043d\u0438\u043c\u0430\u043d\u0438\u044e \u043a \u0443\u0434\u043e\u0432\u043b\u0435\u0442\u0432\u043e\u0440\u0435\u043d\u043d\u043e\u0441\u0442\u0438 \u043a\u043b\u0438\u0435\u043d\u0442\u043e\u0432.<br \/>\u041d\u0430\u0448\u0435 \u0432\u0438\u0434\u0435\u043d\u0438\u0435 \u0441\u043e\u0441\u0442\u043e\u0438\u0442 \u0432 \u0442\u043e\u043c, \u0447\u0442\u043e\u0431\u044b \u0444\u043e\u0440\u043c\u0438\u0440\u043e\u0432\u0430\u0442\u044c \u0431\u0443\u0434\u0443\u0449\u0435\u0435, \u0441\u043e\u0437\u0434\u0430\u0432\u0430\u044f \u0443\u0441\u0442\u043e\u0439\u0447\u0438\u0432\u044b\u0435 \u0438 \u044d\u0441\u0442\u0435\u0442\u0438\u0447\u043d\u044b\u0435 \u0437\u0434\u0430\u043d\u0438\u044f, \u043a\u043e\u0442\u043e\u0440\u044b\u0435 \u043f\u043e\u0432\u044b\u0448\u0430\u044e\u0442 \u0446\u0435\u043d\u043d\u043e\u0441\u0442\u044c \u0441\u043e\u0432\u0440\u0435\u043c\u0435\u043d\u043d\u043e\u0439 \u0433\u043e\u0440\u043e\u0434\u0441\u043a\u043e\u0439 \u0436\u0438\u0437\u043d\u0438. \u041d\u0430\u0448\u0438 \u0446\u0435\u043d\u043d\u043e\u0441\u0442\u0438 \u043e\u0441\u043d\u043e\u0432\u0430\u043d\u044b \u043d\u0430 \u043f\u0440\u0438\u043d\u0446\u0438\u043f\u0430\u0445 \u043a\u0430\u0447\u0435\u0441\u0442\u0432\u0430, \u0434\u043e\u0432\u0435\u0440\u0438\u044f, \u043f\u0440\u043e\u0437\u0440\u0430\u0447\u043d\u043e\u0441\u0442\u0438, \u0434\u0435\u043b\u043e\u0432\u043e\u0439 \u044d\u0442\u0438\u043a\u0438 \u0438 \u043f\u043e\u0441\u0442\u043e\u044f\u043d\u043d\u043e\u0433\u043e \u0440\u0430\u0437\u0432\u0438\u0442\u0438\u044f.<br \/>\u0413\u044e\u043d\u0430\u0439 \u0413\u0440\u0443\u043f \u042f\u043f\u044b \u0418\u043d\u0448\u0430\u0430\u0442 \u0410.\u0428. \u041a\u0430\u043a \u043f\u0440\u0430\u0432\u0438\u043b\u043e, \u043e\u043d \u0441\u043e\u0447\u0435\u0442\u0430\u0435\u0442 \u0432 \u0441\u0435\u0431\u0435 \u043d\u0430\u0448 \u043f\u0440\u043e\u0448\u043b\u044b\u0439 \u043e\u043f\u044b\u0442 \u0441 \u0441\u043e\u0432\u0440\u0435\u043c\u0435\u043d\u043d\u044b\u043c \u043f\u043e\u043d\u0438\u043c\u0430\u043d\u0438\u0435\u043c \u0442\u0435\u0445\u043d\u0438\u043a\u0438 \u0438 \u0430\u0440\u0445\u0438\u0442\u0435\u043a\u0442\u0443\u0440\u044b; \u043c\u044b \u0440\u0430\u0441\u0441\u043c\u0430\u0442\u0440\u0438\u0432\u0430\u0435\u043c \u043a\u0430\u0436\u0434\u044b\u0439 \u043d\u0430\u0448 \u043f\u0440\u043e\u0435\u043a\u0442 \u043a\u0430\u043a \u0434\u043e\u043b\u0433\u043e\u0441\u0440\u043e\u0447\u043d\u0443\u044e \u0438\u043d\u0432\u0435\u0441\u0442\u0438\u0446\u0438\u044e \u0438 \u043f\u043e\u0441\u0442\u043e\u044f\u043d\u043d\u0443\u044e \u043f\u043e\u0434\u043f\u0438\u0441\u044c.<\/p>\t\t\t\t\t\t\t\t<\/div>\n\t\t\t\t\t<\/div>\n\t\t<\/div>\n\t\t\t\t\t<\/div>\n\t\t<\/section>\n\t\t\t\t<section class=\"elementor-section elementor-top-section elementor-element elementor-element-7b3a22e elementor-reverse-mobile elementor-section-boxed elementor-section-height-default elementor-section-height-default\" data-id=\"7b3a22e\" data-element_type=\"section\">\n\t\t\t\t\t\t<div class=\"elementor-container elementor-column-gap-default\">\n\t\t\t\t\t<div class=\"elementor-column elementor-col-50 elementor-top-column elementor-element elementor-element-b8ae574\" data-id=\"b8ae574\" data-element_type=\"column\">\n\t\t\t<div class=\"elementor-widget-wrap elementor-element-populated\">\n\t\t\t\t\t\t<div class=\"elementor-element elementor-element-223cc5b elementor-widget__width-auto elementor-invisible elementor-widget elementor-widget-heading\" data-id=\"223cc5b\" data-element_type=\"widget\" data-settings=\"{&quot;_animation&quot;:&quot;fadeInUp&quot;,&quot;_animation_delay&quot;:&quot;100&quot;}\" data-widget_type=\"heading.default\">\n\t\t\t\t\t<h6 class=\"elementor-heading-title elementor-size-default\">\u041e \u043d\u0430\u0441<\/h6>\t\t\t\t<\/div>\n\t\t\t\t<div class=\"elementor-element elementor-element-9c38080  ui-split-animate ui-splitby-chars elementor-widget elementor-widget-heading\" data-id=\"9c38080\" data-element_type=\"widget\" data-settings=\"{&quot;ui_animate_split&quot;:&quot;ui-split-animate&quot;,&quot;ui_animate_split_by&quot;:&quot;chars&quot;,&quot;ui_animate_split_style&quot;:&quot;fadeInUp&quot;}\" data-widget_type=\"heading.default\">\n\t\t\t\t\t<h2 class=\"elementor-heading-title elementor-size-default\">\u041d\u0430\u0448\u0430 \u043c\u0438\u0441\u0441\u0438\u044f<\/h2>\t\t\t\t<\/div>\n\t\t\t\t<div class=\"elementor-element elementor-element-29c4d12 elementor-invisible elementor-widget elementor-widget-text-editor\" data-id=\"29c4d12\" data-element_type=\"widget\" data-settings=\"{&quot;_animation&quot;:&quot;fadeInUp&quot;,&quot;_animation_delay&quot;:&quot;500&quot;}\" data-widget_type=\"text-editor.default\">\n\t\t\t\t\t\t\t\t\t<p>\u041e\u0441\u043d\u043e\u0432\u044b\u0432\u0430\u044f\u0441\u044c \u043d\u0430 \u0434\u043e\u0432\u0435\u0440\u0438\u0438, \u043a\u0430\u0447\u0435\u0441\u0442\u0432\u0435 \u0438 \u0443\u0441\u0442\u043e\u0439\u0447\u0438\u0432\u043e\u0441\u0442\u0438; \u0441\u0442\u0440\u043e\u0438\u0442\u044c \u044d\u0441\u0442\u0435\u0442\u0438\u0447\u0435\u0441\u043a\u0438\u0435, \u0444\u0443\u043d\u043a\u0446\u0438\u043e\u043d\u0430\u043b\u044c\u043d\u044b\u0435 \u0438 \u0441\u043e\u0432\u0440\u0435\u043c\u0435\u043d\u043d\u044b\u0435 \u0436\u0438\u043b\u044b\u0435 \u043f\u043e\u043c\u0435\u0449\u0435\u043d\u0438\u044f.<br \/>\u0427\u0442\u043e\u0431\u044b \u0441\u043e\u0437\u0434\u0430\u0432\u0430\u0442\u044c \u0438\u043d\u043d\u043e\u0432\u0430\u0446\u0438\u043e\u043d\u043d\u044b\u0435 \u0438 \u0434\u043e\u043b\u0433\u043e\u0432\u0435\u0447\u043d\u044b\u0435 \u043f\u0440\u043e\u0435\u043a\u0442\u044b, \u0441\u043e\u043e\u0442\u0432\u0435\u0442\u0441\u0442\u0432\u0443\u044e\u0449\u0438\u0435 \u043a\u0430\u043a \u0438\u043d\u0434\u0438\u0432\u0438\u0434\u0443\u0430\u043b\u044c\u043d\u044b\u043c, \u0442\u0430\u043a \u0438 \u043a\u043e\u0440\u043f\u043e\u0440\u0430\u0442\u0438\u0432\u043d\u044b\u043c \u043f\u043e\u0442\u0440\u0435\u0431\u043d\u043e\u0441\u0442\u044f\u043c, \u0443\u0434\u0435\u043b\u044f\u044f \u043f\u0435\u0440\u0432\u043e\u0441\u0442\u0435\u043f\u0435\u043d\u043d\u043e\u0435 \u0432\u043d\u0438\u043c\u0430\u043d\u0438\u0435 \u0443\u0434\u043e\u0432\u043b\u0435\u0442\u0432\u043e\u0440\u0435\u043d\u043d\u043e\u0441\u0442\u0438 \u043a\u043b\u0438\u0435\u043d\u0442\u043e\u0432 \u0438 \u0441\u043e\u0446\u0438\u0430\u043b\u044c\u043d\u043e\u0439 \u0432\u044b\u0433\u043e\u0434\u0435.<\/p>\t\t\t\t\t\t\t\t<\/div>\n\t\t\t\t<div class=\"elementor-element elementor-element-5e3a93d  ui-split-animate ui-splitby-chars elementor-widget elementor-widget-heading\" data-id=\"5e3a93d\" data-element_type=\"widget\" data-settings=\"{&quot;ui_animate_split&quot;:&quot;ui-split-animate&quot;,&quot;ui_animate_split_by&quot;:&quot;chars&quot;,&quot;ui_animate_split_style&quot;:&quot;fadeInUp&quot;}\" data-widget_type=\"heading.default\">\n\t\t\t\t\t<h2 class=\"elementor-heading-title elementor-size-default\">\u041d\u0430\u0448\u0435 \u0432\u0438\u0434\u0435\u043d\u0438\u0435<\/h2>\t\t\t\t<\/div>\n\t\t\t\t<div class=\"elementor-element elementor-element-b4e752c elementor-invisible elementor-widget elementor-widget-text-editor\" data-id=\"b4e752c\" data-element_type=\"widget\" data-settings=\"{&quot;_animation&quot;:&quot;fadeInUp&quot;,&quot;_animation_delay&quot;:&quot;500&quot;}\" data-widget_type=\"text-editor.default\">\n\t\t\t\t\t\t\t\t\t<p>\u0417\u0430\u0432\u043e\u0435\u0432\u0430\u0432 \u0440\u0435\u0433\u0438\u043e\u043d\u0430\u043b\u044c\u043d\u043e\u0435 \u043b\u0438\u0434\u0435\u0440\u0441\u0442\u0432\u043e \u0432 \u0441\u0442\u0440\u043e\u0438\u0442\u0435\u043b\u044c\u043d\u043e\u043c \u0441\u0435\u043a\u0442\u043e\u0440\u0435; \u0441\u0442\u0430\u0442\u044c \u043f\u0440\u0438\u0437\u043d\u0430\u043d\u043d\u044b\u043c, \u043f\u0440\u0435\u0434\u043f\u043e\u0447\u0442\u0438\u0442\u0435\u043b\u044c\u043d\u044b\u043c \u0438 \u0437\u0430\u0441\u043b\u0443\u0436\u0438\u0432\u0430\u044e\u0449\u0438\u043c \u0434\u043e\u0432\u0435\u0440\u0438\u044f \u0431\u0440\u0435\u043d\u0434\u043e\u043c \u043f\u043e \u0432\u0441\u0435\u0439 \u0422\u0443\u0440\u0446\u0438\u0438.<br \/>\u041f\u043e\u0441\u0442\u0440\u043e\u0435\u043d\u0438\u0435 \u0431\u0443\u0434\u0443\u0449\u0435\u0433\u043e \u043d\u0430 \u043e\u043f\u044b\u0442\u0435 \u043f\u0440\u043e\u0448\u043b\u043e\u0433\u043e \u043f\u0443\u0442\u0435\u043c \u0434\u043e\u0441\u0442\u0438\u0436\u0435\u043d\u0438\u044f \u043c\u0435\u0436\u0434\u0443\u043d\u0430\u0440\u043e\u0434\u043d\u044b\u0445 \u0441\u0442\u0430\u043d\u0434\u0430\u0440\u0442\u043e\u0432 \u0432 \u043e\u0431\u043b\u0430\u0441\u0442\u0438 \u0438\u043d\u0436\u0435\u043d\u0435\u0440\u043d\u043e\u0433\u043e, \u0430\u0440\u0445\u0438\u0442\u0435\u043a\u0442\u0443\u0440\u043d\u043e\u0433\u043e \u0438 \u043f\u0440\u0438\u043a\u043b\u0430\u0434\u043d\u043e\u0433\u043e \u043a\u0430\u0447\u0435\u0441\u0442\u0432\u0430.<\/p>\t\t\t\t\t\t\t\t<\/div>\n\t\t\t\t\t<\/div>\n\t\t<\/div>\n\t\t\t\t<div class=\"elementor-column elementor-col-50 elementor-top-column elementor-element elementor-element-5e9617b\" data-id=\"5e9617b\" data-element_type=\"column\">\n\t\t\t<div class=\"elementor-widget-wrap elementor-element-populated\">\n\t\t\t\t\t\t<div class=\"elementor-element elementor-element-4778dcc elementor-invisible elementor-widget elementor-widget-image\" data-id=\"4778dcc\" data-element_type=\"widget\" data-settings=\"{&quot;_animation&quot;:&quot;zoomOut&quot;,&quot;_animation_delay&quot;:&quot;200&quot;}\" data-widget_type=\"image.default\">\n\t\t\t\t\t\t\t\t\t\t\t\t\t\t\t<img decoding=\"async\" width=\"1280\" height=\"720\" src=\"https:\/\/gunayinsaat.com.tr\/wp-content\/uploads\/2025\/08\/f-2.webp\" class=\"attachment-full size-full wp-image-132\" alt=\"\" srcset=\"https:\/\/gunayinsaat.com.tr\/wp-content\/uploads\/2025\/08\/f-2.webp 1280w, https:\/\/gunayinsaat.com.tr\/wp-content\/uploads\/2025\/08\/f-2-300x169.webp 300w, https:\/\/gunayinsaat.com.tr\/wp-content\/uploads\/2025\/08\/f-2-1024x576.webp 1024w, https:\/\/gunayinsaat.com.tr\/wp-content\/uploads\/2025\/08\/f-2-768x432.webp 768w, https:\/\/gunayinsaat.com.tr\/wp-content\/uploads\/2025\/08\/f-2-18x10.webp 18w, https:\/\/gunayinsaat.com.tr\/wp-content\/uploads\/2025\/08\/f-2-650x366.webp 650w\" sizes=\"(max-width: 1280px) 100vw, 1280px\" \/>\t\t\t\t\t\t\t\t\t\t\t\t\t\t\t<\/div>\n\t\t\t\t\t<\/div>\n\t\t<\/div>\n\t\t\t\t\t<\/div>\n\t\t<\/section>\n\t\t<div class=\"elementor-element elementor-element-e069f91 e-flex e-con-boxed e-con e-parent\" data-id=\"e069f91\" data-element_type=\"container\">\n\t\t\t\t\t<div class=\"e-con-inner\">\n\t\t\t\t<div class=\"elementor-element elementor-element-cc3c5c9 elementor-widget elementor-widget-spacer\" data-id=\"cc3c5c9\" data-element_type=\"widget\" data-widget_type=\"spacer.default\">\n\t\t\t\t\t\t\t<div class=\"elementor-spacer\">\n\t\t\t<div class=\"elementor-spacer-inner\"><\/div>\n\t\t<\/div>\n\t\t\t\t\t\t<\/div>\n\t\t\t\t\t<\/div>\n\t\t\t\t<\/div>\n\t\t\t\t<\/div>","protected":false},"excerpt":{"rendered":"<p>Hakk\u0131m\u0131zda Biz Kimiz? G\u00fcnay Grup Yap\u0131 \u0130n\u015faat A.\u015e., temelleri 1965\u2019li y\u0131llara dayanan g\u00fc\u00e7l\u00fc bir aile gelene\u011finin, kurumsal vizyonla bulu\u015ftu\u011fu bir yap\u0131 \u015firketidir. [&hellip;]<\/p>","protected":false},"author":1,"featured_media":0,"parent":0,"menu_order":0,"comment_status":"closed","ping_status":"closed","template":"","meta":{"footnotes":""},"class_list":["post-72","page","type-page","status-publish","hentry"],"_links":{"self":[{"href":"https:\/\/gunayinsaat.com.tr\/ru\/wp-json\/wp\/v2\/pages\/72","targetHints":{"allow":["GET"]}}],"collection":[{"href":"https:\/\/gunayinsaat.com.tr\/ru\/wp-json\/wp\/v2\/pages"}],"about":[{"href":"https:\/\/gunayinsaat.com.tr\/ru\/wp-json\/wp\/v2\/types\/page"}],"author":[{"embeddable":true,"href":"https:\/\/gunayinsaat.com.tr\/ru\/wp-json\/wp\/v2\/users\/1"}],"replies":[{"embeddable":true,"href":"https:\/\/gunayinsaat.com.tr\/ru\/wp-json\/wp\/v2\/comments?post=72"}],"version-history":[{"count":22,"href":"https:\/\/gunayinsaat.com.tr\/ru\/wp-json\/wp\/v2\/pages\/72\/revisions"}],"predecessor-version":[{"id":595,"href":"https:\/\/gunayinsaat.com.tr\/ru\/wp-json\/wp\/v2\/pages\/72\/revisions\/595"}],"wp:attachment":[{"href":"https:\/\/gunayinsaat.com.tr\/ru\/wp-json\/wp\/v2\/media?parent=72"}],"curies":[{"name":"wp","href":"https:\/\/api.w.org\/{rel}","templated":true}]}}