{"id":72,"date":"2025-08-01T21:07:22","date_gmt":"2025-08-01T21:07:22","guid":{"rendered":"https:\/\/gunayinsaat.com.tr\/?page_id=72"},"modified":"2025-08-04T10:31:04","modified_gmt":"2025-08-04T10:31:04","slug":"hakkimizda","status":"publish","type":"page","link":"https:\/\/gunayinsaat.com.tr\/en\/hakkimizda\/","title":{"rendered":"About us"},"content":{"rendered":"<div data-elementor-type=\"wp-page\" data-elementor-id=\"72\" class=\"elementor elementor-72\" data-elementor-settings=\"{&quot;element_pack_global_tooltip_width&quot;:{&quot;unit&quot;:&quot;px&quot;,&quot;size&quot;:&quot;&quot;,&quot;sizes&quot;:[]},&quot;element_pack_global_tooltip_width_tablet&quot;:{&quot;unit&quot;:&quot;px&quot;,&quot;size&quot;:&quot;&quot;,&quot;sizes&quot;:[]},&quot;element_pack_global_tooltip_width_mobile&quot;:{&quot;unit&quot;:&quot;px&quot;,&quot;size&quot;:&quot;&quot;,&quot;sizes&quot;:[]},&quot;element_pack_global_tooltip_padding&quot;:{&quot;unit&quot;:&quot;px&quot;,&quot;top&quot;:&quot;&quot;,&quot;right&quot;:&quot;&quot;,&quot;bottom&quot;:&quot;&quot;,&quot;left&quot;:&quot;&quot;,&quot;isLinked&quot;:true},&quot;element_pack_global_tooltip_padding_tablet&quot;:{&quot;unit&quot;:&quot;px&quot;,&quot;top&quot;:&quot;&quot;,&quot;right&quot;:&quot;&quot;,&quot;bottom&quot;:&quot;&quot;,&quot;left&quot;:&quot;&quot;,&quot;isLinked&quot;:true},&quot;element_pack_global_tooltip_padding_mobile&quot;:{&quot;unit&quot;:&quot;px&quot;,&quot;top&quot;:&quot;&quot;,&quot;right&quot;:&quot;&quot;,&quot;bottom&quot;:&quot;&quot;,&quot;left&quot;:&quot;&quot;,&quot;isLinked&quot;:true},&quot;element_pack_global_tooltip_border_radius&quot;:{&quot;unit&quot;:&quot;px&quot;,&quot;top&quot;:&quot;&quot;,&quot;right&quot;:&quot;&quot;,&quot;bottom&quot;:&quot;&quot;,&quot;left&quot;:&quot;&quot;,&quot;isLinked&quot;:true},&quot;element_pack_global_tooltip_border_radius_tablet&quot;:{&quot;unit&quot;:&quot;px&quot;,&quot;top&quot;:&quot;&quot;,&quot;right&quot;:&quot;&quot;,&quot;bottom&quot;:&quot;&quot;,&quot;left&quot;:&quot;&quot;,&quot;isLinked&quot;:true},&quot;element_pack_global_tooltip_border_radius_mobile&quot;:{&quot;unit&quot;:&quot;px&quot;,&quot;top&quot;:&quot;&quot;,&quot;right&quot;:&quot;&quot;,&quot;bottom&quot;:&quot;&quot;,&quot;left&quot;:&quot;&quot;,&quot;isLinked&quot;:true}}\" data-elementor-post-type=\"page\">\n\t\t\t\t<div class=\"elementor-element elementor-element-da02ab3 e-flex e-con-boxed e-con e-parent\" data-id=\"da02ab3\" data-element_type=\"container\">\n\t\t\t\t\t<div class=\"e-con-inner\">\n\t\t\t\t<div class=\"elementor-element elementor-element-8ec9759 elementor-widget elementor-widget-spacer\" data-id=\"8ec9759\" data-element_type=\"widget\" data-widget_type=\"spacer.default\">\n\t\t\t\t\t\t\t<div class=\"elementor-spacer\">\n\t\t\t<div class=\"elementor-spacer-inner\"><\/div>\n\t\t<\/div>\n\t\t\t\t\t\t<\/div>\n\t\t\t\t\t<\/div>\n\t\t\t\t<\/div>\n\t\t\t\t<section class=\"elementor-section elementor-top-section elementor-element elementor-element-83f70f5 elementor-reverse-mobile elementor-section-boxed elementor-section-height-default elementor-section-height-default\" data-id=\"83f70f5\" data-element_type=\"section\">\n\t\t\t\t\t\t<div class=\"elementor-container elementor-column-gap-default\">\n\t\t\t\t\t<div class=\"elementor-column elementor-col-50 elementor-top-column elementor-element elementor-element-b81b783\" data-id=\"b81b783\" data-element_type=\"column\">\n\t\t\t<div class=\"elementor-widget-wrap elementor-element-populated\">\n\t\t\t\t\t\t<div class=\"elementor-element elementor-element-34e41a1 elementor-invisible elementor-widget elementor-widget-image\" data-id=\"34e41a1\" data-element_type=\"widget\" data-settings=\"{&quot;_animation&quot;:&quot;zoomOut&quot;,&quot;_animation_delay&quot;:&quot;200&quot;}\" data-widget_type=\"image.default\">\n\t\t\t\t\t\t\t\t\t\t\t\t\t\t\t<img fetchpriority=\"high\" decoding=\"async\" width=\"512\" height=\"512\" src=\"https:\/\/gunayinsaat.com.tr\/wp-content\/uploads\/2025\/08\/cropped-25-1-scaled-1.webp\" class=\"attachment-full size-full wp-image-93\" alt=\"\" srcset=\"https:\/\/gunayinsaat.com.tr\/wp-content\/uploads\/2025\/08\/cropped-25-1-scaled-1.webp 512w, https:\/\/gunayinsaat.com.tr\/wp-content\/uploads\/2025\/08\/cropped-25-1-scaled-1-300x300.webp 300w, https:\/\/gunayinsaat.com.tr\/wp-content\/uploads\/2025\/08\/cropped-25-1-scaled-1-150x150.webp 150w, https:\/\/gunayinsaat.com.tr\/wp-content\/uploads\/2025\/08\/cropped-25-1-scaled-1-12x12.webp 12w, https:\/\/gunayinsaat.com.tr\/wp-content\/uploads\/2025\/08\/cropped-25-1-scaled-1-270x270.webp 270w, https:\/\/gunayinsaat.com.tr\/wp-content\/uploads\/2025\/08\/cropped-25-1-scaled-1-192x192.webp 192w, https:\/\/gunayinsaat.com.tr\/wp-content\/uploads\/2025\/08\/cropped-25-1-scaled-1-180x180.webp 180w, https:\/\/gunayinsaat.com.tr\/wp-content\/uploads\/2025\/08\/cropped-25-1-scaled-1-32x32.webp 32w\" sizes=\"(max-width: 512px) 100vw, 512px\" \/>\t\t\t\t\t\t\t\t\t\t\t\t\t\t\t<\/div>\n\t\t\t\t\t<\/div>\n\t\t<\/div>\n\t\t\t\t<div class=\"elementor-column elementor-col-50 elementor-top-column elementor-element elementor-element-055cff1\" data-id=\"055cff1\" data-element_type=\"column\">\n\t\t\t<div class=\"elementor-widget-wrap elementor-element-populated\">\n\t\t\t\t\t\t<div class=\"elementor-element elementor-element-d100bdc elementor-widget__width-auto elementor-invisible elementor-widget elementor-widget-heading\" data-id=\"d100bdc\" data-element_type=\"widget\" data-settings=\"{&quot;_animation&quot;:&quot;fadeInUp&quot;,&quot;_animation_delay&quot;:&quot;100&quot;}\" data-widget_type=\"heading.default\">\n\t\t\t\t\t<h6 class=\"elementor-heading-title elementor-size-default\">About us<\/h6>\t\t\t\t<\/div>\n\t\t\t\t<div class=\"elementor-element elementor-element-cbe5563  ui-split-animate ui-splitby-chars elementor-widget elementor-widget-heading\" data-id=\"cbe5563\" data-element_type=\"widget\" data-settings=\"{&quot;ui_animate_split&quot;:&quot;ui-split-animate&quot;,&quot;ui_animate_split_by&quot;:&quot;chars&quot;,&quot;ui_animate_split_style&quot;:&quot;fadeInUp&quot;}\" data-widget_type=\"heading.default\">\n\t\t\t\t\t<h2 class=\"elementor-heading-title elementor-size-default\">Who Are We?<\/h2>\t\t\t\t<\/div>\n\t\t\t\t<div class=\"elementor-element elementor-element-9417dd1 elementor-invisible elementor-widget elementor-widget-text-editor\" data-id=\"9417dd1\" data-element_type=\"widget\" data-settings=\"{&quot;_animation&quot;:&quot;fadeInUp&quot;,&quot;_animation_delay&quot;:&quot;500&quot;}\" data-widget_type=\"text-editor.default\">\n\t\t\t\t\t\t\t\t\t<p>G\u00fcnay Group Construction, Inc. the basics of 1965, where it meets the corporate vision of the early years is a construction company based on a strong family tradition. Our journey that began in Antalya-elmali County Commercial; over the years strengthened our activities in the areas of construction and furniture today Antalya\/Muratpa\u015fa-based group of companies became known with quality and confidence in the sector.<br \/>Our staff of expert engineers and architects, with heavy reinforced concrete and steel structures construction, architectural and structural design solutions, structural reinforcement, we offer the highest standards in restoration and renovation services.<br \/>Ranging from individual home buyers by appealing to a wide audience of investors, aesthetics of our projects, we are bringing together functionality and safety.<br \/>To date, 23 2 completed projects and ongoing projects in the industry, with our final place of our trustworthiness, thanks to our focus on disciplined business approach and customer satisfaction, we take pride in being always a preferred brand.<br \/>Modern city life that adds value to our vision is shaping the future by building sustainable and aesthetic structures. With our values; Quality, Trust, Transparency, business ethics and is based on the principles of sustainable development.<br \/>G\u00fcnay Group Construction, Inc. as our experience from the past combines with the understanding of modern engineering and architecture; each project is a long-term investment, and we see it as a permanent signature.<\/p>\t\t\t\t\t\t\t\t<\/div>\n\t\t\t\t\t<\/div>\n\t\t<\/div>\n\t\t\t\t\t<\/div>\n\t\t<\/section>\n\t\t\t\t<section class=\"elementor-section elementor-top-section elementor-element elementor-element-7b3a22e elementor-reverse-mobile elementor-section-boxed elementor-section-height-default elementor-section-height-default\" data-id=\"7b3a22e\" data-element_type=\"section\">\n\t\t\t\t\t\t<div class=\"elementor-container elementor-column-gap-default\">\n\t\t\t\t\t<div class=\"elementor-column elementor-col-50 elementor-top-column elementor-element elementor-element-b8ae574\" data-id=\"b8ae574\" data-element_type=\"column\">\n\t\t\t<div class=\"elementor-widget-wrap elementor-element-populated\">\n\t\t\t\t\t\t<div class=\"elementor-element elementor-element-223cc5b elementor-widget__width-auto elementor-invisible elementor-widget elementor-widget-heading\" data-id=\"223cc5b\" data-element_type=\"widget\" data-settings=\"{&quot;_animation&quot;:&quot;fadeInUp&quot;,&quot;_animation_delay&quot;:&quot;100&quot;}\" data-widget_type=\"heading.default\">\n\t\t\t\t\t<h6 class=\"elementor-heading-title elementor-size-default\">About us<\/h6>\t\t\t\t<\/div>\n\t\t\t\t<div class=\"elementor-element elementor-element-9c38080  ui-split-animate ui-splitby-chars elementor-widget elementor-widget-heading\" data-id=\"9c38080\" data-element_type=\"widget\" data-settings=\"{&quot;ui_animate_split&quot;:&quot;ui-split-animate&quot;,&quot;ui_animate_split_by&quot;:&quot;chars&quot;,&quot;ui_animate_split_style&quot;:&quot;fadeInUp&quot;}\" data-widget_type=\"heading.default\">\n\t\t\t\t\t<h2 class=\"elementor-heading-title elementor-size-default\">Our mission<\/h2>\t\t\t\t<\/div>\n\t\t\t\t<div class=\"elementor-element elementor-element-29c4d12 elementor-invisible elementor-widget elementor-widget-text-editor\" data-id=\"29c4d12\" data-element_type=\"widget\" data-settings=\"{&quot;_animation&quot;:&quot;fadeInUp&quot;,&quot;_animation_delay&quot;:&quot;500&quot;}\" data-widget_type=\"text-editor.default\">\n\t\t\t\t\t\t\t\t\t<p>Trust, quality and sustainability is not based on esthetic, functional and contemporary living spaces to build.<br \/>By prioritizing customer satisfaction and social benefits, both individual and corporate needs convenient, innovative and long-lasting produce projects.<\/p>\t\t\t\t\t\t\t\t<\/div>\n\t\t\t\t<div class=\"elementor-element elementor-element-5e3a93d  ui-split-animate ui-splitby-chars elementor-widget elementor-widget-heading\" data-id=\"5e3a93d\" data-element_type=\"widget\" data-settings=\"{&quot;ui_animate_split&quot;:&quot;ui-split-animate&quot;,&quot;ui_animate_split_by&quot;:&quot;chars&quot;,&quot;ui_animate_split_style&quot;:&quot;fadeInUp&quot;}\" data-widget_type=\"heading.default\">\n\t\t\t\t\t<h2 class=\"elementor-heading-title elementor-size-default\">Our vision<\/h2>\t\t\t\t<\/div>\n\t\t\t\t<div class=\"elementor-element elementor-element-b4e752c elementor-invisible elementor-widget elementor-widget-text-editor\" data-id=\"b4e752c\" data-element_type=\"widget\" data-settings=\"{&quot;_animation&quot;:&quot;fadeInUp&quot;,&quot;_animation_delay&quot;:&quot;500&quot;}\" data-widget_type=\"text-editor.default\">\n\t\t\t\t\t\t\t\t\t<p>Regional leadership in the construction sector, winning a trustworthy and preferred brand recognized throughout Turkey.<br \/>Engineering, architecture, and implementation of international standards in quality by capturing the experience of the past to build the future with it.<\/p>\t\t\t\t\t\t\t\t<\/div>\n\t\t\t\t\t<\/div>\n\t\t<\/div>\n\t\t\t\t<div class=\"elementor-column elementor-col-50 elementor-top-column elementor-element elementor-element-5e9617b\" data-id=\"5e9617b\" data-element_type=\"column\">\n\t\t\t<div class=\"elementor-widget-wrap elementor-element-populated\">\n\t\t\t\t\t\t<div class=\"elementor-element elementor-element-4778dcc elementor-invisible elementor-widget elementor-widget-image\" data-id=\"4778dcc\" data-element_type=\"widget\" data-settings=\"{&quot;_animation&quot;:&quot;zoomOut&quot;,&quot;_animation_delay&quot;:&quot;200&quot;}\" data-widget_type=\"image.default\">\n\t\t\t\t\t\t\t\t\t\t\t\t\t\t\t<img decoding=\"async\" width=\"1280\" height=\"720\" src=\"https:\/\/gunayinsaat.com.tr\/wp-content\/uploads\/2025\/08\/f-2.webp\" class=\"attachment-full size-full wp-image-132\" alt=\"\" srcset=\"https:\/\/gunayinsaat.com.tr\/wp-content\/uploads\/2025\/08\/f-2.webp 1280w, https:\/\/gunayinsaat.com.tr\/wp-content\/uploads\/2025\/08\/f-2-300x169.webp 300w, https:\/\/gunayinsaat.com.tr\/wp-content\/uploads\/2025\/08\/f-2-1024x576.webp 1024w, https:\/\/gunayinsaat.com.tr\/wp-content\/uploads\/2025\/08\/f-2-768x432.webp 768w, https:\/\/gunayinsaat.com.tr\/wp-content\/uploads\/2025\/08\/f-2-18x10.webp 18w, https:\/\/gunayinsaat.com.tr\/wp-content\/uploads\/2025\/08\/f-2-650x366.webp 650w\" sizes=\"(max-width: 1280px) 100vw, 1280px\" \/>\t\t\t\t\t\t\t\t\t\t\t\t\t\t\t<\/div>\n\t\t\t\t\t<\/div>\n\t\t<\/div>\n\t\t\t\t\t<\/div>\n\t\t<\/section>\n\t\t<div class=\"elementor-element elementor-element-e069f91 e-flex e-con-boxed e-con e-parent\" data-id=\"e069f91\" data-element_type=\"container\">\n\t\t\t\t\t<div class=\"e-con-inner\">\n\t\t\t\t<div class=\"elementor-element elementor-element-cc3c5c9 elementor-widget elementor-widget-spacer\" data-id=\"cc3c5c9\" data-element_type=\"widget\" data-widget_type=\"spacer.default\">\n\t\t\t\t\t\t\t<div class=\"elementor-spacer\">\n\t\t\t<div class=\"elementor-spacer-inner\"><\/div>\n\t\t<\/div>\n\t\t\t\t\t\t<\/div>\n\t\t\t\t\t<\/div>\n\t\t\t\t<\/div>\n\t\t\t\t<\/div>","protected":false},"excerpt":{"rendered":"<p>Hakk\u0131m\u0131zda Biz Kimiz? G\u00fcnay Grup Yap\u0131 \u0130n\u015faat A.\u015e., temelleri 1965\u2019li y\u0131llara dayanan g\u00fc\u00e7l\u00fc bir aile gelene\u011finin, kurumsal vizyonla bulu\u015ftu\u011fu bir yap\u0131 \u015firketidir. [&hellip;]<\/p>","protected":false},"author":1,"featured_media":0,"parent":0,"menu_order":0,"comment_status":"closed","ping_status":"closed","template":"","meta":{"footnotes":""},"class_list":["post-72","page","type-page","status-publish","hentry"],"_links":{"self":[{"href":"https:\/\/gunayinsaat.com.tr\/en\/wp-json\/wp\/v2\/pages\/72","targetHints":{"allow":["GET"]}}],"collection":[{"href":"https:\/\/gunayinsaat.com.tr\/en\/wp-json\/wp\/v2\/pages"}],"about":[{"href":"https:\/\/gunayinsaat.com.tr\/en\/wp-json\/wp\/v2\/types\/page"}],"author":[{"embeddable":true,"href":"https:\/\/gunayinsaat.com.tr\/en\/wp-json\/wp\/v2\/users\/1"}],"replies":[{"embeddable":true,"href":"https:\/\/gunayinsaat.com.tr\/en\/wp-json\/wp\/v2\/comments?post=72"}],"version-history":[{"count":22,"href":"https:\/\/gunayinsaat.com.tr\/en\/wp-json\/wp\/v2\/pages\/72\/revisions"}],"predecessor-version":[{"id":595,"href":"https:\/\/gunayinsaat.com.tr\/en\/wp-json\/wp\/v2\/pages\/72\/revisions\/595"}],"wp:attachment":[{"href":"https:\/\/gunayinsaat.com.tr\/en\/wp-json\/wp\/v2\/media?parent=72"}],"curies":[{"name":"wp","href":"https:\/\/api.w.org\/{rel}","templated":true}]}}