{"id":80,"date":"2025-08-01T21:08:09","date_gmt":"2025-08-01T21:08:09","guid":{"rendered":"https:\/\/gunayinsaat.com.tr\/?page_id=80"},"modified":"2025-08-04T11:09:33","modified_gmt":"2025-08-04T11:09:33","slug":"devam-eden-projeler","status":"publish","type":"page","link":"https:\/\/gunayinsaat.com.tr\/de\/devam-eden-projeler\/","title":{"rendered":"Laufende Projekte"},"content":{"rendered":"<div data-elementor-type=\"wp-page\" data-elementor-id=\"80\" class=\"elementor elementor-80\" data-elementor-settings=\"{&quot;element_pack_global_tooltip_width&quot;:{&quot;unit&quot;:&quot;px&quot;,&quot;size&quot;:&quot;&quot;,&quot;sizes&quot;:[]},&quot;element_pack_global_tooltip_width_tablet&quot;:{&quot;unit&quot;:&quot;px&quot;,&quot;size&quot;:&quot;&quot;,&quot;sizes&quot;:[]},&quot;element_pack_global_tooltip_width_mobile&quot;:{&quot;unit&quot;:&quot;px&quot;,&quot;size&quot;:&quot;&quot;,&quot;sizes&quot;:[]},&quot;element_pack_global_tooltip_padding&quot;:{&quot;unit&quot;:&quot;px&quot;,&quot;top&quot;:&quot;&quot;,&quot;right&quot;:&quot;&quot;,&quot;bottom&quot;:&quot;&quot;,&quot;left&quot;:&quot;&quot;,&quot;isLinked&quot;:true},&quot;element_pack_global_tooltip_padding_tablet&quot;:{&quot;unit&quot;:&quot;px&quot;,&quot;top&quot;:&quot;&quot;,&quot;right&quot;:&quot;&quot;,&quot;bottom&quot;:&quot;&quot;,&quot;left&quot;:&quot;&quot;,&quot;isLinked&quot;:true},&quot;element_pack_global_tooltip_padding_mobile&quot;:{&quot;unit&quot;:&quot;px&quot;,&quot;top&quot;:&quot;&quot;,&quot;right&quot;:&quot;&quot;,&quot;bottom&quot;:&quot;&quot;,&quot;left&quot;:&quot;&quot;,&quot;isLinked&quot;:true},&quot;element_pack_global_tooltip_border_radius&quot;:{&quot;unit&quot;:&quot;px&quot;,&quot;top&quot;:&quot;&quot;,&quot;right&quot;:&quot;&quot;,&quot;bottom&quot;:&quot;&quot;,&quot;left&quot;:&quot;&quot;,&quot;isLinked&quot;:true},&quot;element_pack_global_tooltip_border_radius_tablet&quot;:{&quot;unit&quot;:&quot;px&quot;,&quot;top&quot;:&quot;&quot;,&quot;right&quot;:&quot;&quot;,&quot;bottom&quot;:&quot;&quot;,&quot;left&quot;:&quot;&quot;,&quot;isLinked&quot;:true},&quot;element_pack_global_tooltip_border_radius_mobile&quot;:{&quot;unit&quot;:&quot;px&quot;,&quot;top&quot;:&quot;&quot;,&quot;right&quot;:&quot;&quot;,&quot;bottom&quot;:&quot;&quot;,&quot;left&quot;:&quot;&quot;,&quot;isLinked&quot;:true}}\" data-elementor-post-type=\"page\">\n\t\t\t\t<div class=\"elementor-element elementor-element-c1d40b6 e-flex e-con-boxed e-con e-parent\" data-id=\"c1d40b6\" data-element_type=\"container\" data-settings=\"{&quot;background_background&quot;:&quot;classic&quot;}\">\n\t\t\t\t\t<div class=\"e-con-inner\">\n\t\t<div class=\"elementor-element elementor-element-ecea73a e-con-full e-flex e-con e-child\" data-id=\"ecea73a\" data-element_type=\"container\">\n\t\t\t\t<div class=\"elementor-element elementor-element-fc2e3da elementor-widget__width-initial elementor-absolute elementor-invisible elementor-widget elementor-widget-text-editor\" data-id=\"fc2e3da\" data-element_type=\"widget\" data-settings=\"{&quot;_position&quot;:&quot;absolute&quot;,&quot;_animation_delay&quot;:&quot;200&quot;,&quot;_animation&quot;:&quot;fadeIn&quot;}\" data-widget_type=\"text-editor.default\">\n\t\t\t\t\t\t\t\t\t<p>01<\/p>\t\t\t\t\t\t\t\t<\/div>\n\t\t\t\t<div class=\"elementor-element elementor-element-c201f9a elementor-widget__width-initial elementor-absolute e-transform elementor-widget-tablet__width-initial elementor-widget-mobile__width-initial elementor-widget-divider--view-line elementor-invisible elementor-widget elementor-widget-divider\" data-id=\"c201f9a\" data-element_type=\"widget\" data-settings=\"{&quot;_position&quot;:&quot;absolute&quot;,&quot;_transform_rotateZ_effect&quot;:{&quot;unit&quot;:&quot;px&quot;,&quot;size&quot;:90,&quot;sizes&quot;:[]},&quot;_animation_delay&quot;:&quot;200&quot;,&quot;_animation&quot;:&quot;fadeIn&quot;,&quot;_transform_rotateZ_effect_tablet&quot;:{&quot;unit&quot;:&quot;deg&quot;,&quot;size&quot;:&quot;&quot;,&quot;sizes&quot;:[]},&quot;_transform_rotateZ_effect_mobile&quot;:{&quot;unit&quot;:&quot;deg&quot;,&quot;size&quot;:&quot;&quot;,&quot;sizes&quot;:[]}}\" data-widget_type=\"divider.default\">\n\t\t\t\t\t\t\t<div class=\"elementor-divider\">\n\t\t\t<span class=\"elementor-divider-separator\">\n\t\t\t\t\t\t<\/span>\n\t\t<\/div>\n\t\t\t\t\t\t<\/div>\n\t\t\t\t<div class=\"elementor-element elementor-element-35a5401  ui-split-animate ui-splitby-chars elementor-widget elementor-widget-heading\" data-id=\"35a5401\" data-element_type=\"widget\" data-settings=\"{&quot;ui_animate_split&quot;:&quot;ui-split-animate&quot;,&quot;ui_animate_split_style&quot;:&quot;fadeInRight&quot;,&quot;ui_animate_split_by&quot;:&quot;chars&quot;}\" data-widget_type=\"heading.default\">\n\t\t\t\t\t<h4 class=\"elementor-heading-title elementor-size-default\">G\u00fcnay Bau-Gruppe<\/h4>\t\t\t\t<\/div>\n\t\t<div class=\"elementor-element elementor-element-118cd5c e-con-full e-flex e-con e-child\" data-id=\"118cd5c\" data-element_type=\"container\">\n\t\t\t\t<div class=\"elementor-element elementor-element-aaade31 elementor-widget__width-inherit  ui-split-animate ui-splitby-chars elementor-widget elementor-widget-heading\" data-id=\"aaade31\" data-element_type=\"widget\" data-settings=\"{&quot;ui_animate_split&quot;:&quot;ui-split-animate&quot;,&quot;ui_animate_split_style&quot;:&quot;fadeInRight&quot;,&quot;ui_animate_split_by&quot;:&quot;chars&quot;}\" data-widget_type=\"heading.default\">\n\t\t\t\t\t<h2 class=\"elementor-heading-title elementor-size-default\">Laufende Projekte<\/h2>\t\t\t\t<\/div>\n\t\t\t\t<\/div>\n\t\t<div class=\"elementor-element elementor-element-ec023ea e-con-full e-flex e-con e-child\" data-id=\"ec023ea\" data-element_type=\"container\">\n\t\t\t\t<div class=\"elementor-element elementor-element-9d6c959 ui-e-align-right elementor-widget__width-initial ui-e-align-tablet-right elementor-widget-mobile__width-inherit ui-e-animation-widget-translate ui-e-top ui-e-align-mobile-center elementor-widget elementor-widget-uicore-icon-box\" data-id=\"9d6c959\" data-element_type=\"widget\" data-settings=\"{&quot;content_padding&quot;:{&quot;unit&quot;:&quot;px&quot;,&quot;top&quot;:&quot;40&quot;,&quot;right&quot;:&quot;40&quot;,&quot;bottom&quot;:&quot;40&quot;,&quot;left&quot;:&quot;40&quot;,&quot;isLinked&quot;:true},&quot;content_padding_tablet&quot;:{&quot;unit&quot;:&quot;px&quot;,&quot;top&quot;:&quot;32&quot;,&quot;right&quot;:&quot;32&quot;,&quot;bottom&quot;:&quot;32&quot;,&quot;left&quot;:&quot;32&quot;,&quot;isLinked&quot;:true},&quot;content_padding_mobile&quot;:{&quot;unit&quot;:&quot;px&quot;,&quot;top&quot;:&quot;0&quot;,&quot;right&quot;:&quot;0&quot;,&quot;bottom&quot;:&quot;28&quot;,&quot;left&quot;:&quot;0&quot;,&quot;isLinked&quot;:false},&quot;position&quot;:&quot;top&quot;,&quot;readmore&quot;:&quot;yes&quot;}\" data-widget_type=\"uicore-icon-box.default\">\n\t\t\t\t\t\n        <div class=\"ui-e-ico-box\" >\n\n            \n            <div class='ui-e-flex-wrp'>\n\n                                    <div class=\"ui-e-icon-wrp\">\n\n                        <img fetchpriority=\"high\" decoding=\"async\" width=\"1000\" height=\"563\" src=\"https:\/\/gunayinsaat.com.tr\/wp-content\/uploads\/2025\/08\/IMG_8581-scaled-1-e1754176459422-1024x576.webp\" class=\"attachment-large size-large\" alt=\"\" srcset=\"https:\/\/gunayinsaat.com.tr\/wp-content\/uploads\/2025\/08\/IMG_8581-scaled-1-e1754176459422-1024x576.webp 1024w, https:\/\/gunayinsaat.com.tr\/wp-content\/uploads\/2025\/08\/IMG_8581-scaled-1-e1754176459422-300x169.webp 300w, https:\/\/gunayinsaat.com.tr\/wp-content\/uploads\/2025\/08\/IMG_8581-scaled-1-e1754176459422-768x432.webp 768w, https:\/\/gunayinsaat.com.tr\/wp-content\/uploads\/2025\/08\/IMG_8581-scaled-1-e1754176459422-1536x864.webp 1536w, https:\/\/gunayinsaat.com.tr\/wp-content\/uploads\/2025\/08\/IMG_8581-scaled-1-e1754176459422-18x10.webp 18w, https:\/\/gunayinsaat.com.tr\/wp-content\/uploads\/2025\/08\/IMG_8581-scaled-1-e1754176459422-650x366.webp 650w, https:\/\/gunayinsaat.com.tr\/wp-content\/uploads\/2025\/08\/IMG_8581-scaled-1-e1754176459422.webp 1600w\" sizes=\"(max-width: 1000px) 100vw, 1000px\" \/>\n                    <\/div>\n                \n                <div class=\"ui-e-title-wrp\"><h4 class=\"ui-e-title\">VITA - 25<\/h4><\/div>\n            <\/div>\n\n            <div class=\"ui-e-box-content\">\n                \n                <div class=\"ui-e-description\">\n                                    <\/div>\n\n                                    <a href=\"\/de\/vita-25\/\"class=\"ui-e-readmore\">\n\n                        Das Projekt Durchsuchen                                            <\/a>\n                \n            <\/div>\n        <\/div>\n\t\t\t\t<\/div>\n\t\t\t\t<div class=\"elementor-element elementor-element-bc55fff ui-e-align-right elementor-widget__width-initial ui-e-align-tablet-right elementor-widget-mobile__width-inherit ui-e-animation-widget-translate ui-e-top ui-e-align-mobile-center elementor-widget elementor-widget-uicore-icon-box\" data-id=\"bc55fff\" data-element_type=\"widget\" data-settings=\"{&quot;content_padding&quot;:{&quot;unit&quot;:&quot;px&quot;,&quot;top&quot;:&quot;40&quot;,&quot;right&quot;:&quot;40&quot;,&quot;bottom&quot;:&quot;40&quot;,&quot;left&quot;:&quot;40&quot;,&quot;isLinked&quot;:true},&quot;content_padding_tablet&quot;:{&quot;unit&quot;:&quot;px&quot;,&quot;top&quot;:&quot;32&quot;,&quot;right&quot;:&quot;32&quot;,&quot;bottom&quot;:&quot;32&quot;,&quot;left&quot;:&quot;32&quot;,&quot;isLinked&quot;:true},&quot;content_padding_mobile&quot;:{&quot;unit&quot;:&quot;px&quot;,&quot;top&quot;:&quot;0&quot;,&quot;right&quot;:&quot;0&quot;,&quot;bottom&quot;:&quot;28&quot;,&quot;left&quot;:&quot;0&quot;,&quot;isLinked&quot;:false},&quot;position&quot;:&quot;top&quot;,&quot;readmore&quot;:&quot;yes&quot;}\" data-widget_type=\"uicore-icon-box.default\">\n\t\t\t\t\t\n        <div class=\"ui-e-ico-box\" >\n\n            \n            <div class='ui-e-flex-wrp'>\n\n                                    <div class=\"ui-e-icon-wrp\">\n\n                        <img decoding=\"async\" width=\"1000\" height=\"565\" src=\"https:\/\/gunayinsaat.com.tr\/wp-content\/uploads\/2025\/08\/IMG_7009-scaled-1-e1754176042754-1024x579.webp\" class=\"attachment-large size-large\" alt=\"\" srcset=\"https:\/\/gunayinsaat.com.tr\/wp-content\/uploads\/2025\/08\/IMG_7009-scaled-1-e1754176042754-1024x579.webp 1024w, https:\/\/gunayinsaat.com.tr\/wp-content\/uploads\/2025\/08\/IMG_7009-scaled-1-e1754176042754-300x170.webp 300w, https:\/\/gunayinsaat.com.tr\/wp-content\/uploads\/2025\/08\/IMG_7009-scaled-1-e1754176042754-768x434.webp 768w, https:\/\/gunayinsaat.com.tr\/wp-content\/uploads\/2025\/08\/IMG_7009-scaled-1-e1754176042754-1536x868.webp 1536w, https:\/\/gunayinsaat.com.tr\/wp-content\/uploads\/2025\/08\/IMG_7009-scaled-1-e1754176042754-18x10.webp 18w, https:\/\/gunayinsaat.com.tr\/wp-content\/uploads\/2025\/08\/IMG_7009-scaled-1-e1754176042754-650x367.webp 650w, https:\/\/gunayinsaat.com.tr\/wp-content\/uploads\/2025\/08\/IMG_7009-scaled-1-e1754176042754.webp 1600w\" sizes=\"(max-width: 1000px) 100vw, 1000px\" \/>\n                    <\/div>\n                \n                <div class=\"ui-e-title-wrp\"><h4 class=\"ui-e-title\">VITA - 24<\/h4><\/div>\n            <\/div>\n\n            <div class=\"ui-e-box-content\">\n                \n                <div class=\"ui-e-description\">\n                                    <\/div>\n\n                                    <a href=\"\/de\/vita-24\/\"class=\"ui-e-readmore\">\n\n                        Das Projekt Durchsuchen                                            <\/a>\n                \n            <\/div>\n        <\/div>\n\t\t\t\t<\/div>\n\t\t\t\t<\/div>\n\t\t\t\t<\/div>\n\t\t\t\t\t<\/div>\n\t\t\t\t<\/div>\n\t\t\t\t<\/div>","protected":false},"excerpt":{"rendered":"<p>01 G\u00fcnay Grup Yap\u0131 \u0130n\u015faat Devam Eden Projeler VITA &#8211; 25 Projeye G\u00f6zat VITA &#8211; 24 Projeye G\u00f6zat<\/p>","protected":false},"author":1,"featured_media":0,"parent":0,"menu_order":0,"comment_status":"closed","ping_status":"closed","template":"","meta":{"footnotes":""},"class_list":["post-80","page","type-page","status-publish","hentry"],"_links":{"self":[{"href":"https:\/\/gunayinsaat.com.tr\/de\/wp-json\/wp\/v2\/pages\/80","targetHints":{"allow":["GET"]}}],"collection":[{"href":"https:\/\/gunayinsaat.com.tr\/de\/wp-json\/wp\/v2\/pages"}],"about":[{"href":"https:\/\/gunayinsaat.com.tr\/de\/wp-json\/wp\/v2\/types\/page"}],"author":[{"embeddable":true,"href":"https:\/\/gunayinsaat.com.tr\/de\/wp-json\/wp\/v2\/users\/1"}],"replies":[{"embeddable":true,"href":"https:\/\/gunayinsaat.com.tr\/de\/wp-json\/wp\/v2\/comments?post=80"}],"version-history":[{"count":10,"href":"https:\/\/gunayinsaat.com.tr\/de\/wp-json\/wp\/v2\/pages\/80\/revisions"}],"predecessor-version":[{"id":619,"href":"https:\/\/gunayinsaat.com.tr\/de\/wp-json\/wp\/v2\/pages\/80\/revisions\/619"}],"wp:attachment":[{"href":"https:\/\/gunayinsaat.com.tr\/de\/wp-json\/wp\/v2\/media?parent=80"}],"curies":[{"name":"wp","href":"https:\/\/api.w.org\/{rel}","templated":true}]}}