{"id":72,"date":"2025-08-01T21:07:22","date_gmt":"2025-08-01T21:07:22","guid":{"rendered":"https:\/\/gunayinsaat.com.tr\/?page_id=72"},"modified":"2025-08-04T10:31:04","modified_gmt":"2025-08-04T10:31:04","slug":"hakkimizda","status":"publish","type":"page","link":"https:\/\/gunayinsaat.com.tr\/de\/hakkimizda\/","title":{"rendered":"\u00dcber uns"},"content":{"rendered":"<div data-elementor-type=\"wp-page\" data-elementor-id=\"72\" class=\"elementor elementor-72\" data-elementor-settings=\"{&quot;element_pack_global_tooltip_width&quot;:{&quot;unit&quot;:&quot;px&quot;,&quot;size&quot;:&quot;&quot;,&quot;sizes&quot;:[]},&quot;element_pack_global_tooltip_width_tablet&quot;:{&quot;unit&quot;:&quot;px&quot;,&quot;size&quot;:&quot;&quot;,&quot;sizes&quot;:[]},&quot;element_pack_global_tooltip_width_mobile&quot;:{&quot;unit&quot;:&quot;px&quot;,&quot;size&quot;:&quot;&quot;,&quot;sizes&quot;:[]},&quot;element_pack_global_tooltip_padding&quot;:{&quot;unit&quot;:&quot;px&quot;,&quot;top&quot;:&quot;&quot;,&quot;right&quot;:&quot;&quot;,&quot;bottom&quot;:&quot;&quot;,&quot;left&quot;:&quot;&quot;,&quot;isLinked&quot;:true},&quot;element_pack_global_tooltip_padding_tablet&quot;:{&quot;unit&quot;:&quot;px&quot;,&quot;top&quot;:&quot;&quot;,&quot;right&quot;:&quot;&quot;,&quot;bottom&quot;:&quot;&quot;,&quot;left&quot;:&quot;&quot;,&quot;isLinked&quot;:true},&quot;element_pack_global_tooltip_padding_mobile&quot;:{&quot;unit&quot;:&quot;px&quot;,&quot;top&quot;:&quot;&quot;,&quot;right&quot;:&quot;&quot;,&quot;bottom&quot;:&quot;&quot;,&quot;left&quot;:&quot;&quot;,&quot;isLinked&quot;:true},&quot;element_pack_global_tooltip_border_radius&quot;:{&quot;unit&quot;:&quot;px&quot;,&quot;top&quot;:&quot;&quot;,&quot;right&quot;:&quot;&quot;,&quot;bottom&quot;:&quot;&quot;,&quot;left&quot;:&quot;&quot;,&quot;isLinked&quot;:true},&quot;element_pack_global_tooltip_border_radius_tablet&quot;:{&quot;unit&quot;:&quot;px&quot;,&quot;top&quot;:&quot;&quot;,&quot;right&quot;:&quot;&quot;,&quot;bottom&quot;:&quot;&quot;,&quot;left&quot;:&quot;&quot;,&quot;isLinked&quot;:true},&quot;element_pack_global_tooltip_border_radius_mobile&quot;:{&quot;unit&quot;:&quot;px&quot;,&quot;top&quot;:&quot;&quot;,&quot;right&quot;:&quot;&quot;,&quot;bottom&quot;:&quot;&quot;,&quot;left&quot;:&quot;&quot;,&quot;isLinked&quot;:true}}\" data-elementor-post-type=\"page\">\n\t\t\t\t<div class=\"elementor-element elementor-element-da02ab3 e-flex e-con-boxed e-con e-parent\" data-id=\"da02ab3\" data-element_type=\"container\">\n\t\t\t\t\t<div class=\"e-con-inner\">\n\t\t\t\t<div class=\"elementor-element elementor-element-8ec9759 elementor-widget elementor-widget-spacer\" data-id=\"8ec9759\" data-element_type=\"widget\" data-widget_type=\"spacer.default\">\n\t\t\t\t\t\t\t<div class=\"elementor-spacer\">\n\t\t\t<div class=\"elementor-spacer-inner\"><\/div>\n\t\t<\/div>\n\t\t\t\t\t\t<\/div>\n\t\t\t\t\t<\/div>\n\t\t\t\t<\/div>\n\t\t\t\t<section class=\"elementor-section elementor-top-section elementor-element elementor-element-83f70f5 elementor-reverse-mobile elementor-section-boxed elementor-section-height-default elementor-section-height-default\" data-id=\"83f70f5\" data-element_type=\"section\">\n\t\t\t\t\t\t<div class=\"elementor-container elementor-column-gap-default\">\n\t\t\t\t\t<div class=\"elementor-column elementor-col-50 elementor-top-column elementor-element elementor-element-b81b783\" data-id=\"b81b783\" data-element_type=\"column\">\n\t\t\t<div class=\"elementor-widget-wrap elementor-element-populated\">\n\t\t\t\t\t\t<div class=\"elementor-element elementor-element-34e41a1 elementor-invisible elementor-widget elementor-widget-image\" data-id=\"34e41a1\" data-element_type=\"widget\" data-settings=\"{&quot;_animation&quot;:&quot;zoomOut&quot;,&quot;_animation_delay&quot;:&quot;200&quot;}\" data-widget_type=\"image.default\">\n\t\t\t\t\t\t\t\t\t\t\t\t\t\t\t<img fetchpriority=\"high\" decoding=\"async\" width=\"512\" height=\"512\" src=\"https:\/\/gunayinsaat.com.tr\/wp-content\/uploads\/2025\/08\/cropped-25-1-scaled-1.webp\" class=\"attachment-full size-full wp-image-93\" alt=\"\" srcset=\"https:\/\/gunayinsaat.com.tr\/wp-content\/uploads\/2025\/08\/cropped-25-1-scaled-1.webp 512w, https:\/\/gunayinsaat.com.tr\/wp-content\/uploads\/2025\/08\/cropped-25-1-scaled-1-300x300.webp 300w, https:\/\/gunayinsaat.com.tr\/wp-content\/uploads\/2025\/08\/cropped-25-1-scaled-1-150x150.webp 150w, https:\/\/gunayinsaat.com.tr\/wp-content\/uploads\/2025\/08\/cropped-25-1-scaled-1-12x12.webp 12w, https:\/\/gunayinsaat.com.tr\/wp-content\/uploads\/2025\/08\/cropped-25-1-scaled-1-270x270.webp 270w, https:\/\/gunayinsaat.com.tr\/wp-content\/uploads\/2025\/08\/cropped-25-1-scaled-1-192x192.webp 192w, https:\/\/gunayinsaat.com.tr\/wp-content\/uploads\/2025\/08\/cropped-25-1-scaled-1-180x180.webp 180w, https:\/\/gunayinsaat.com.tr\/wp-content\/uploads\/2025\/08\/cropped-25-1-scaled-1-32x32.webp 32w\" sizes=\"(max-width: 512px) 100vw, 512px\" \/>\t\t\t\t\t\t\t\t\t\t\t\t\t\t\t<\/div>\n\t\t\t\t\t<\/div>\n\t\t<\/div>\n\t\t\t\t<div class=\"elementor-column elementor-col-50 elementor-top-column elementor-element elementor-element-055cff1\" data-id=\"055cff1\" data-element_type=\"column\">\n\t\t\t<div class=\"elementor-widget-wrap elementor-element-populated\">\n\t\t\t\t\t\t<div class=\"elementor-element elementor-element-d100bdc elementor-widget__width-auto elementor-invisible elementor-widget elementor-widget-heading\" data-id=\"d100bdc\" data-element_type=\"widget\" data-settings=\"{&quot;_animation&quot;:&quot;fadeInUp&quot;,&quot;_animation_delay&quot;:&quot;100&quot;}\" data-widget_type=\"heading.default\">\n\t\t\t\t\t<h6 class=\"elementor-heading-title elementor-size-default\">\u00dcber uns<\/h6>\t\t\t\t<\/div>\n\t\t\t\t<div class=\"elementor-element elementor-element-cbe5563  ui-split-animate ui-splitby-chars elementor-widget elementor-widget-heading\" data-id=\"cbe5563\" data-element_type=\"widget\" data-settings=\"{&quot;ui_animate_split&quot;:&quot;ui-split-animate&quot;,&quot;ui_animate_split_by&quot;:&quot;chars&quot;,&quot;ui_animate_split_style&quot;:&quot;fadeInUp&quot;}\" data-widget_type=\"heading.default\">\n\t\t\t\t\t<h2 class=\"elementor-heading-title elementor-size-default\">Wer Sind Wir?<\/h2>\t\t\t\t<\/div>\n\t\t\t\t<div class=\"elementor-element elementor-element-9417dd1 elementor-invisible elementor-widget elementor-widget-text-editor\" data-id=\"9417dd1\" data-element_type=\"widget\" data-settings=\"{&quot;_animation&quot;:&quot;fadeInUp&quot;,&quot;_animation_delay&quot;:&quot;500&quot;}\" data-widget_type=\"text-editor.default\">\n\t\t\t\t\t\t\t\t\t<p>G\u00fcnay Group Construction, Inc. die Grundlagen von 1965, wo es erf\u00fcllt die corporate vision von den fr\u00fchen Jahren ist ein Bau-Unternehmen basiert auf einer starken Familientradition. Unsere Reise begann in Antalya-elmali County Commercial; \u00fcber die Jahre verst\u00e4rkt unsere T\u00e4tigkeiten in den Bereichen der Bau-und M\u00f6bel, die heute in Antalya\/Muratpa\u015fa-basierte Gruppe von Unternehmen, die bekannt wurde mit Qualit\u00e4t und Vertrauen in die Branche.<br \/>Unser Team von erfahrenen Ingenieure und Architekten, die mit schweren Stahlbeton-und Stahlbau-Konstruktion, Architektur und strukturelle design-L\u00f6sungen, die strukturelle Verst\u00e4rkung, wir bieten die h\u00f6chsten standards in der Sanierung und Renovierung Dienstleistungen.<br \/>Angefangen von einzelnen K\u00e4ufer von Eigenheimen durch den Rekurs auf ein breites Publikum von Investoren, \u00e4sthetik, unsere Projekte, wir bringen Funktionalit\u00e4t und Sicherheit.<br \/>To date, 23 2 abgeschlossene Projekte und laufende Projekte in der Branche, mit unserem letzten Ort unserer Zuverl\u00e4ssigkeit, Dank unserer Fokussierung auf diszipliniert business-Ansatz und Kundenzufriedenheit, wir sind stolz darauf, immer eine bevorzugte Marke.<br \/>Moderne Stadt Leben, die Mehrwert f\u00fcr unsere vision ist die Gestaltung der Zukunft durch den Aufbau von nachhaltigen und \u00e4sthetischen Strukturen. Mit unsere Werte: Qualit\u00e4t, Vertrauen, Transparenz, business-Ethik und basiert auf den Prinzipien der nachhaltigen Entwicklung.<br \/>G\u00fcnay Group Construction, Inc. wie unsere Erfahrung aus der Vergangenheit verbindet sich mit dem Verst\u00e4ndnis der modernen Technik und Architektur; jedes Projekt ist eine langfristige Investition, und wir sehen es als eine dauerhafte Unterschrift.<\/p>\t\t\t\t\t\t\t\t<\/div>\n\t\t\t\t\t<\/div>\n\t\t<\/div>\n\t\t\t\t\t<\/div>\n\t\t<\/section>\n\t\t\t\t<section class=\"elementor-section elementor-top-section elementor-element elementor-element-7b3a22e elementor-reverse-mobile elementor-section-boxed elementor-section-height-default elementor-section-height-default\" data-id=\"7b3a22e\" data-element_type=\"section\">\n\t\t\t\t\t\t<div class=\"elementor-container elementor-column-gap-default\">\n\t\t\t\t\t<div class=\"elementor-column elementor-col-50 elementor-top-column elementor-element elementor-element-b8ae574\" data-id=\"b8ae574\" data-element_type=\"column\">\n\t\t\t<div class=\"elementor-widget-wrap elementor-element-populated\">\n\t\t\t\t\t\t<div class=\"elementor-element elementor-element-223cc5b elementor-widget__width-auto elementor-invisible elementor-widget elementor-widget-heading\" data-id=\"223cc5b\" data-element_type=\"widget\" data-settings=\"{&quot;_animation&quot;:&quot;fadeInUp&quot;,&quot;_animation_delay&quot;:&quot;100&quot;}\" data-widget_type=\"heading.default\">\n\t\t\t\t\t<h6 class=\"elementor-heading-title elementor-size-default\">\u00dcber uns<\/h6>\t\t\t\t<\/div>\n\t\t\t\t<div class=\"elementor-element elementor-element-9c38080  ui-split-animate ui-splitby-chars elementor-widget elementor-widget-heading\" data-id=\"9c38080\" data-element_type=\"widget\" data-settings=\"{&quot;ui_animate_split&quot;:&quot;ui-split-animate&quot;,&quot;ui_animate_split_by&quot;:&quot;chars&quot;,&quot;ui_animate_split_style&quot;:&quot;fadeInUp&quot;}\" data-widget_type=\"heading.default\">\n\t\t\t\t\t<h2 class=\"elementor-heading-title elementor-size-default\">Unsere mission<\/h2>\t\t\t\t<\/div>\n\t\t\t\t<div class=\"elementor-element elementor-element-29c4d12 elementor-invisible elementor-widget elementor-widget-text-editor\" data-id=\"29c4d12\" data-element_type=\"widget\" data-settings=\"{&quot;_animation&quot;:&quot;fadeInUp&quot;,&quot;_animation_delay&quot;:&quot;500&quot;}\" data-widget_type=\"text-editor.default\">\n\t\t\t\t\t\t\t\t\t<p>Vertrauen, Qualit\u00e4t und Nachhaltigkeit basiert nicht auf \u00e4sthetische, funktionale und zeitgem\u00e4\u00dfe Wohnr\u00e4ume zu bauen.<br \/>Durch die Priorisierung der Kundenzufriedenheit und soziale Vorteile, sowohl auf der individuellen und unternehmerischen Bed\u00fcrfnissen praktische, innovative und langlebige produzieren Projekte.<\/p>\t\t\t\t\t\t\t\t<\/div>\n\t\t\t\t<div class=\"elementor-element elementor-element-5e3a93d  ui-split-animate ui-splitby-chars elementor-widget elementor-widget-heading\" data-id=\"5e3a93d\" data-element_type=\"widget\" data-settings=\"{&quot;ui_animate_split&quot;:&quot;ui-split-animate&quot;,&quot;ui_animate_split_by&quot;:&quot;chars&quot;,&quot;ui_animate_split_style&quot;:&quot;fadeInUp&quot;}\" data-widget_type=\"heading.default\">\n\t\t\t\t\t<h2 class=\"elementor-heading-title elementor-size-default\">Unsere vision<\/h2>\t\t\t\t<\/div>\n\t\t\t\t<div class=\"elementor-element elementor-element-b4e752c elementor-invisible elementor-widget elementor-widget-text-editor\" data-id=\"b4e752c\" data-element_type=\"widget\" data-settings=\"{&quot;_animation&quot;:&quot;fadeInUp&quot;,&quot;_animation_delay&quot;:&quot;500&quot;}\" data-widget_type=\"text-editor.default\">\n\t\t\t\t\t\t\t\t\t<p>Regionale F\u00fcHRUNGSROLLE im Baugewerbe, gewinnen einem vertrauensw\u00fcrdigen und bevorzugten Marke anerkannt in der ganzen T\u00fcrkei.<br \/>Engineering, Architektur und Implementierung von internationalen standards bei der Qualit\u00e4t durch die Erfassung der Erfahrungen der Vergangenheit die Zukunft aufbauen mit es.<\/p>\t\t\t\t\t\t\t\t<\/div>\n\t\t\t\t\t<\/div>\n\t\t<\/div>\n\t\t\t\t<div class=\"elementor-column elementor-col-50 elementor-top-column elementor-element elementor-element-5e9617b\" data-id=\"5e9617b\" data-element_type=\"column\">\n\t\t\t<div class=\"elementor-widget-wrap elementor-element-populated\">\n\t\t\t\t\t\t<div class=\"elementor-element elementor-element-4778dcc elementor-invisible elementor-widget elementor-widget-image\" data-id=\"4778dcc\" data-element_type=\"widget\" data-settings=\"{&quot;_animation&quot;:&quot;zoomOut&quot;,&quot;_animation_delay&quot;:&quot;200&quot;}\" data-widget_type=\"image.default\">\n\t\t\t\t\t\t\t\t\t\t\t\t\t\t\t<img decoding=\"async\" width=\"1280\" height=\"720\" src=\"https:\/\/gunayinsaat.com.tr\/wp-content\/uploads\/2025\/08\/f-2.webp\" class=\"attachment-full size-full wp-image-132\" alt=\"\" srcset=\"https:\/\/gunayinsaat.com.tr\/wp-content\/uploads\/2025\/08\/f-2.webp 1280w, https:\/\/gunayinsaat.com.tr\/wp-content\/uploads\/2025\/08\/f-2-300x169.webp 300w, https:\/\/gunayinsaat.com.tr\/wp-content\/uploads\/2025\/08\/f-2-1024x576.webp 1024w, https:\/\/gunayinsaat.com.tr\/wp-content\/uploads\/2025\/08\/f-2-768x432.webp 768w, https:\/\/gunayinsaat.com.tr\/wp-content\/uploads\/2025\/08\/f-2-18x10.webp 18w, https:\/\/gunayinsaat.com.tr\/wp-content\/uploads\/2025\/08\/f-2-650x366.webp 650w\" sizes=\"(max-width: 1280px) 100vw, 1280px\" \/>\t\t\t\t\t\t\t\t\t\t\t\t\t\t\t<\/div>\n\t\t\t\t\t<\/div>\n\t\t<\/div>\n\t\t\t\t\t<\/div>\n\t\t<\/section>\n\t\t<div class=\"elementor-element elementor-element-e069f91 e-flex e-con-boxed e-con e-parent\" data-id=\"e069f91\" data-element_type=\"container\">\n\t\t\t\t\t<div class=\"e-con-inner\">\n\t\t\t\t<div class=\"elementor-element elementor-element-cc3c5c9 elementor-widget elementor-widget-spacer\" data-id=\"cc3c5c9\" data-element_type=\"widget\" data-widget_type=\"spacer.default\">\n\t\t\t\t\t\t\t<div class=\"elementor-spacer\">\n\t\t\t<div class=\"elementor-spacer-inner\"><\/div>\n\t\t<\/div>\n\t\t\t\t\t\t<\/div>\n\t\t\t\t\t<\/div>\n\t\t\t\t<\/div>\n\t\t\t\t<\/div>","protected":false},"excerpt":{"rendered":"<p>Hakk\u0131m\u0131zda Biz Kimiz? G\u00fcnay Grup Yap\u0131 \u0130n\u015faat A.\u015e., temelleri 1965\u2019li y\u0131llara dayanan g\u00fc\u00e7l\u00fc bir aile gelene\u011finin, kurumsal vizyonla bulu\u015ftu\u011fu bir yap\u0131 \u015firketidir. [&hellip;]<\/p>","protected":false},"author":1,"featured_media":0,"parent":0,"menu_order":0,"comment_status":"closed","ping_status":"closed","template":"","meta":{"footnotes":""},"class_list":["post-72","page","type-page","status-publish","hentry"],"_links":{"self":[{"href":"https:\/\/gunayinsaat.com.tr\/de\/wp-json\/wp\/v2\/pages\/72","targetHints":{"allow":["GET"]}}],"collection":[{"href":"https:\/\/gunayinsaat.com.tr\/de\/wp-json\/wp\/v2\/pages"}],"about":[{"href":"https:\/\/gunayinsaat.com.tr\/de\/wp-json\/wp\/v2\/types\/page"}],"author":[{"embeddable":true,"href":"https:\/\/gunayinsaat.com.tr\/de\/wp-json\/wp\/v2\/users\/1"}],"replies":[{"embeddable":true,"href":"https:\/\/gunayinsaat.com.tr\/de\/wp-json\/wp\/v2\/comments?post=72"}],"version-history":[{"count":22,"href":"https:\/\/gunayinsaat.com.tr\/de\/wp-json\/wp\/v2\/pages\/72\/revisions"}],"predecessor-version":[{"id":595,"href":"https:\/\/gunayinsaat.com.tr\/de\/wp-json\/wp\/v2\/pages\/72\/revisions\/595"}],"wp:attachment":[{"href":"https:\/\/gunayinsaat.com.tr\/de\/wp-json\/wp\/v2\/media?parent=72"}],"curies":[{"name":"wp","href":"https:\/\/api.w.org\/{rel}","templated":true}]}}